{"id":10,"date":"2024-08-29T11:27:31","date_gmt":"2024-08-29T11:27:31","guid":{"rendered":"https:\/\/revolutionsoft.shop\/?page_id=10"},"modified":"2025-02-16T12:30:23","modified_gmt":"2025-02-16T12:30:23","slug":"aviso-legal","status":"publish","type":"page","link":"https:\/\/devinsaconsulting.com\/en\/aviso-legal\/","title":{"rendered":"Legal Notice"},"content":{"rendered":"<p>In compliance with the provisions of Law 34\/2002, of 11 July, on Services of the Information Society and Electronic Commerce (LSSI-CE), we inform you of the following legal aspects of this website:<\/p>\n<h4>Ownership of Website<\/h4>\n<ul>\n<li><strong>Social reason<\/strong>: <b style=\"font-style: inherit;\">DEVINSA CONSULTING SLU<\/b><\/li>\n<li><strong>CIF<\/strong>: B19729060<\/li>\n<li><strong>E-mail<\/strong>: info@devinsaconsulting.com<\/li>\n<\/ul>\n<h4>Terms of use<\/h4>\n<p>El acceso y uso del sitio web de <b style=\"font-style: inherit;\">DEVINSA CONSULTING SLU<\/b> atribuye la condici\u00f3n de usuario, e implica la aceptaci\u00f3n plena y sin reservas de todas y cada una de las disposiciones incluidas en este Aviso Legal, en la versi\u00f3n publicada por <b style=\"font-style: inherit;\">DEVINSA CONSULTING SLU<\/b>\u00a0at the same moment that the user accesses the website.<\/p>\n<h4>Intellectual and Industrial property<\/h4>\n<p>Todos los contenidos del sitio web, entendiendo por estos, a t\u00edtulo enunciativo, los textos, fotograf\u00edas, gr\u00e1ficos, im\u00e1genes, iconos, tecnolog\u00eda, software, y dem\u00e1s contenidos audiovisuales o sonoros, as\u00ed como su dise\u00f1o gr\u00e1fico y c\u00f3digos fuente, son propiedad intelectual de <b style=\"font-style: inherit;\">DEVINSA CONSULTING SLU<\/b>, sin que puedan entenderse cedidos al usuario ninguno de los derechos de explotaci\u00f3n sobre los mismos m\u00e1s all\u00e1 de lo estrictamente necesario para el correcto uso del sitio web.<\/p>\n<h4>Data protection<\/h4>\n<p><b style=\"font-style: inherit;\">DEVINSA CONSULTING SLU<\/b> cumple con la normativa vigente en materia de protecci\u00f3n de datos, y asegura la correcta gesti\u00f3n de los datos de car\u00e1cter personal que puedan recabarse a trav\u00e9s de los formularios de contacto en el sitio web, de acuerdo con lo dispuesto en el Reglamento (UE) 2016\/679 (Reglamento General de Protecci\u00f3n de Datos).<\/p>\n<h4>Liability for Contents<\/h4>\n<p><b style=\"font-style: inherit;\">DEVINSA CONSULTING SLU<\/b> no se responsabiliza de la legalidad de otros sitios web de terceros desde los que pueda accederse a este sitio web. Tampoco responde por la legalidad de otros sitios web de terceros que pudieran estar vinculados o enlazados desde este sitio web.<\/p>\n<h4>Applicable legislation and Jurisdiction<\/h4>\n<p>La relaci\u00f3n entre <b style=\"font-style: inherit;\">DEVINSA CONSULTING SLU<\/b> y el usuario se regir\u00e1 por la normativa espa\u00f1ola vigente, y cualquier controversia se someter\u00e1 a los Juzgados y Tribunales de la ciudad de <span style=\"text-decoration: underline;\"><em>Barcelona<\/em><\/span>, unless applicable law provides otherwise.<\/p>\n<hr \/>\n<p>Para m\u00e1s informaci\u00f3n o cualquier duda sobre este Aviso Legal, por favor p\u00f3ngase en contacto con nosotros a trav\u00e9s del correo electr\u00f3nico: info@devinsaconsulting.com<\/p>\n<p>&nbsp;<\/p>","protected":false},"excerpt":{"rendered":"<p>En cumplimiento con lo dispuesto en la Ley 34\/2002, de 11 de julio, de Servicios de la Sociedad de la Informaci\u00f3n y de Comercio Electr\u00f3nico (LSSI-CE), se informa de los siguientes aspectos legales de este sitio web: Titularidad del Sitio Web Raz\u00f3n social: DEVINSA CONSULTING SLU CIF: B19729060 Correo electr\u00f3nico: info@devinsaconsulting.com Condiciones de uso El [&hellip;]<\/p>\n","protected":false},"author":1,"featured_media":0,"parent":0,"menu_order":0,"comment_status":"closed","ping_status":"closed","template":"","meta":{"site-sidebar-layout":"default","site-content-layout":"","ast-site-content-layout":"default","site-content-style":"default","site-sidebar-style":"default","ast-global-header-display":"","ast-banner-title-visibility":"","ast-main-header-display":"","ast-hfb-above-header-display":"","ast-hfb-below-header-display":"","ast-hfb-mobile-header-display":"","site-post-title":"","ast-breadcrumbs-content":"","ast-featured-img":"","footer-sml-layout":"","ast-disable-related-posts":"","theme-transparent-header-meta":"default","adv-header-id-meta":"","stick-header-meta":"","header-above-stick-meta":"","header-main-stick-meta":"","header-below-stick-meta":"","astra-migrate-meta-layouts":"set","ast-page-background-enabled":"default","ast-page-background-meta":{"desktop":{"background-color":"var(--ast-global-color-4)","background-image":"","background-repeat":"repeat","background-position":"center center","background-size":"auto","background-attachment":"scroll","background-type":"","background-media":"","overlay-type":"","overlay-color":"","overlay-opacity":"","overlay-gradient":""},"tablet":{"background-color":"","background-image":"","background-repeat":"repeat","background-position":"center center","background-size":"auto","background-attachment":"scroll","background-type":"","background-media":"","overlay-type":"","overlay-color":"","overlay-opacity":"","overlay-gradient":""},"mobile":{"background-color":"","background-image":"","background-repeat":"repeat","background-position":"center center","background-size":"auto","background-attachment":"scroll","background-type":"","background-media":"","overlay-type":"","overlay-color":"","overlay-opacity":"","overlay-gradient":""}},"ast-content-background-meta":{"desktop":{"background-color":"var(--ast-global-color-5)","background-image":"","background-repeat":"repeat","background-position":"center center","background-size":"auto","background-attachment":"scroll","background-type":"","background-media":"","overlay-type":"","overlay-color":"","overlay-opacity":"","overlay-gradient":""},"tablet":{"background-color":"var(--ast-global-color-5)","background-image":"","background-repeat":"repeat","background-position":"center center","background-size":"auto","background-attachment":"scroll","background-type":"","background-media":"","overlay-type":"","overlay-color":"","overlay-opacity":"","overlay-gradient":""},"mobile":{"background-color":"var(--ast-global-color-5)","background-image":"","background-repeat":"repeat","background-position":"center center","background-size":"auto","background-attachment":"scroll","background-type":"","background-media":"","overlay-type":"","overlay-color":"","overlay-opacity":"","overlay-gradient":""}},"footnotes":""},"class_list":["post-10","page","type-page","status-publish","hentry"],"yoast_head":"<!-- This site is optimized with the Yoast SEO plugin v27.3 - https:\/\/yoast.com\/product\/yoast-seo-wordpress\/ -->\n<title>Aviso Legal - Devinsa Consulting<\/title>\n<meta name=\"robots\" content=\"index, follow, max-snippet:-1, max-image-preview:large, max-video-preview:-1\" \/>\n<link rel=\"canonical\" href=\"https:\/\/devinsaconsulting.com\/en\/aviso-legal\/\" \/>\n<meta property=\"og:locale\" content=\"en_GB\" \/>\n<meta property=\"og:type\" content=\"article\" \/>\n<meta property=\"og:title\" content=\"Aviso Legal - Devinsa Consulting\" \/>\n<meta property=\"og:description\" content=\"En cumplimiento con lo dispuesto en la Ley 34\/2002, de 11 de julio, de Servicios de la Sociedad de la Informaci\u00f3n y de Comercio Electr\u00f3nico (LSSI-CE), se informa de los siguientes aspectos legales de este sitio web: Titularidad del Sitio Web Raz\u00f3n social: DEVINSA CONSULTING SLU CIF: B19729060 Correo electr\u00f3nico: info@devinsaconsulting.com Condiciones de uso El [&hellip;]\" \/>\n<meta property=\"og:url\" content=\"https:\/\/devinsaconsulting.com\/en\/aviso-legal\/\" \/>\n<meta property=\"og:site_name\" content=\"Devinsa Consulting\" \/>\n<meta property=\"article:modified_time\" content=\"2025-02-16T12:30:23+00:00\" \/>\n<meta name=\"twitter:card\" content=\"summary_large_image\" \/>\n<meta name=\"twitter:label1\" content=\"Estimated reading time\" \/>\n\t<meta name=\"twitter:data1\" content=\"2 minutes\" \/>\n<script type=\"application\/ld+json\" class=\"yoast-schema-graph\">{\"@context\":\"https:\\\/\\\/schema.org\",\"@graph\":[{\"@type\":\"WebPage\",\"@id\":\"https:\\\/\\\/devinsaconsulting.com\\\/aviso-legal\\\/\",\"url\":\"https:\\\/\\\/devinsaconsulting.com\\\/aviso-legal\\\/\",\"name\":\"Aviso Legal - Devinsa Consulting\",\"isPartOf\":{\"@id\":\"https:\\\/\\\/devinsaconsulting.com\\\/#website\"},\"datePublished\":\"2024-08-29T11:27:31+00:00\",\"dateModified\":\"2025-02-16T12:30:23+00:00\",\"breadcrumb\":{\"@id\":\"https:\\\/\\\/devinsaconsulting.com\\\/aviso-legal\\\/#breadcrumb\"},\"inLanguage\":\"en-GB\",\"potentialAction\":[{\"@type\":\"ReadAction\",\"target\":[\"https:\\\/\\\/devinsaconsulting.com\\\/aviso-legal\\\/\"]}]},{\"@type\":\"BreadcrumbList\",\"@id\":\"https:\\\/\\\/devinsaconsulting.com\\\/aviso-legal\\\/#breadcrumb\",\"itemListElement\":[{\"@type\":\"ListItem\",\"position\":1,\"name\":\"Portada\",\"item\":\"https:\\\/\\\/devinsaconsulting.com\\\/\"},{\"@type\":\"ListItem\",\"position\":2,\"name\":\"Aviso Legal\"}]},{\"@type\":\"WebSite\",\"@id\":\"https:\\\/\\\/devinsaconsulting.com\\\/#website\",\"url\":\"https:\\\/\\\/devinsaconsulting.com\\\/\",\"name\":\"Devinsa Consulting\",\"description\":\"Consultor&iacute;a y Servicios de IT Globales\",\"publisher\":{\"@id\":\"https:\\\/\\\/devinsaconsulting.com\\\/#organization\"},\"potentialAction\":[{\"@type\":\"SearchAction\",\"target\":{\"@type\":\"EntryPoint\",\"urlTemplate\":\"https:\\\/\\\/devinsaconsulting.com\\\/?s={search_term_string}\"},\"query-input\":{\"@type\":\"PropertyValueSpecification\",\"valueRequired\":true,\"valueName\":\"search_term_string\"}}],\"inLanguage\":\"en-GB\"},{\"@type\":\"Organization\",\"@id\":\"https:\\\/\\\/devinsaconsulting.com\\\/#organization\",\"name\":\"Devinsa Consulting\",\"url\":\"https:\\\/\\\/devinsaconsulting.com\\\/\",\"logo\":{\"@type\":\"ImageObject\",\"inLanguage\":\"en-GB\",\"@id\":\"https:\\\/\\\/devinsaconsulting.com\\\/#\\\/schema\\\/logo\\\/image\\\/\",\"url\":\"https:\\\/\\\/devinsaconsulting.com\\\/wp-content\\\/uploads\\\/2024\\\/10\\\/logo.png\",\"contentUrl\":\"https:\\\/\\\/devinsaconsulting.com\\\/wp-content\\\/uploads\\\/2024\\\/10\\\/logo.png\",\"width\":512,\"height\":188,\"caption\":\"Devinsa Consulting\"},\"image\":{\"@id\":\"https:\\\/\\\/devinsaconsulting.com\\\/#\\\/schema\\\/logo\\\/image\\\/\"}}]}<\/script>\n<!-- \/ Yoast SEO plugin. -->","yoast_head_json":{"title":"Legal Notice - Devinsa Consulting","robots":{"index":"index","follow":"follow","max-snippet":"max-snippet:-1","max-image-preview":"max-image-preview:large","max-video-preview":"max-video-preview:-1"},"canonical":"https:\/\/devinsaconsulting.com\/en\/aviso-legal\/","og_locale":"en_GB","og_type":"article","og_title":"Aviso Legal - Devinsa Consulting","og_description":"En cumplimiento con lo dispuesto en la Ley 34\/2002, de 11 de julio, de Servicios de la Sociedad de la Informaci\u00f3n y de Comercio Electr\u00f3nico (LSSI-CE), se informa de los siguientes aspectos legales de este sitio web: Titularidad del Sitio Web Raz\u00f3n social: DEVINSA CONSULTING SLU CIF: B19729060 Correo electr\u00f3nico: info@devinsaconsulting.com Condiciones de uso El [&hellip;]","og_url":"https:\/\/devinsaconsulting.com\/en\/aviso-legal\/","og_site_name":"Devinsa Consulting","article_modified_time":"2025-02-16T12:30:23+00:00","twitter_card":"summary_large_image","twitter_misc":{"Estimated reading time":"2 minutes"},"schema":{"@context":"https:\/\/schema.org","@graph":[{"@type":"WebPage","@id":"https:\/\/devinsaconsulting.com\/aviso-legal\/","url":"https:\/\/devinsaconsulting.com\/aviso-legal\/","name":"Legal Notice - Devinsa Consulting","isPartOf":{"@id":"https:\/\/devinsaconsulting.com\/#website"},"datePublished":"2024-08-29T11:27:31+00:00","dateModified":"2025-02-16T12:30:23+00:00","breadcrumb":{"@id":"https:\/\/devinsaconsulting.com\/aviso-legal\/#breadcrumb"},"inLanguage":"en-GB","potentialAction":[{"@type":"ReadAction","target":["https:\/\/devinsaconsulting.com\/aviso-legal\/"]}]},{"@type":"BreadcrumbList","@id":"https:\/\/devinsaconsulting.com\/aviso-legal\/#breadcrumb","itemListElement":[{"@type":"ListItem","position":1,"name":"Portada","item":"https:\/\/devinsaconsulting.com\/"},{"@type":"ListItem","position":2,"name":"Aviso Legal"}]},{"@type":"WebSite","@id":"https:\/\/devinsaconsulting.com\/#website","url":"https:\/\/devinsaconsulting.com\/","name":"Devinsa Consulting,","description":"Consulting and IT Services to Global","publisher":{"@id":"https:\/\/devinsaconsulting.com\/#organization"},"potentialAction":[{"@type":"SearchAction","target":{"@type":"EntryPoint","urlTemplate":"https:\/\/devinsaconsulting.com\/?s={search_term_string}"},"query-input":{"@type":"PropertyValueSpecification","valueRequired":true,"valueName":"search_term_string"}}],"inLanguage":"en-GB"},{"@type":"Organization","@id":"https:\/\/devinsaconsulting.com\/#organization","name":"Devinsa Consulting,","url":"https:\/\/devinsaconsulting.com\/","logo":{"@type":"ImageObject","inLanguage":"en-GB","@id":"https:\/\/devinsaconsulting.com\/#\/schema\/logo\/image\/","url":"https:\/\/devinsaconsulting.com\/wp-content\/uploads\/2024\/10\/logo.png","contentUrl":"https:\/\/devinsaconsulting.com\/wp-content\/uploads\/2024\/10\/logo.png","width":512,"height":188,"caption":"Devinsa Consulting"},"image":{"@id":"https:\/\/devinsaconsulting.com\/#\/schema\/logo\/image\/"}}]}},"_links":{"self":[{"href":"https:\/\/devinsaconsulting.com\/en\/wp-json\/wp\/v2\/pages\/10","targetHints":{"allow":["GET"]}}],"collection":[{"href":"https:\/\/devinsaconsulting.com\/en\/wp-json\/wp\/v2\/pages"}],"about":[{"href":"https:\/\/devinsaconsulting.com\/en\/wp-json\/wp\/v2\/types\/page"}],"author":[{"embeddable":true,"href":"https:\/\/devinsaconsulting.com\/en\/wp-json\/wp\/v2\/users\/1"}],"replies":[{"embeddable":true,"href":"https:\/\/devinsaconsulting.com\/en\/wp-json\/wp\/v2\/comments?post=10"}],"version-history":[{"count":5,"href":"https:\/\/devinsaconsulting.com\/en\/wp-json\/wp\/v2\/pages\/10\/revisions"}],"predecessor-version":[{"id":2346,"href":"https:\/\/devinsaconsulting.com\/en\/wp-json\/wp\/v2\/pages\/10\/revisions\/2346"}],"wp:attachment":[{"href":"https:\/\/devinsaconsulting.com\/en\/wp-json\/wp\/v2\/media?parent=10"}],"curies":[{"name":"wp","href":"https:\/\/api.w.org\/{rel}","templated":true}]}}