{"id":12,"date":"2024-08-29T11:28:24","date_gmt":"2024-08-29T11:28:24","guid":{"rendered":"https:\/\/revolutionsoft.shop\/?page_id=12"},"modified":"2025-02-16T12:39:49","modified_gmt":"2025-02-16T12:39:49","slug":"politica-cookies","status":"publish","type":"page","link":"https:\/\/devinsaconsulting.com\/en\/politica-cookies\/","title":{"rendered":"Cookie policy"},"content":{"rendered":"<p>On the website of <b>DEVINSA CONSULTING SLU <\/b>we use cookies to improve the user experience, easy navigation and optimize the performance of our site. Below, we explain what cookies are, what types of cookies do we use and how you can manage them.<\/p>\n<h4>What are Cookies?<\/h4>\n<p>Cookies are small text files which are stored on a user&#039;s device (computer, smartphone, tablet, etc) when you visit a website. These cookies allow the website to remember information about your visit, such as preferred language, the products that you have added to the shopping cart, or your browsing preferences.<\/p>\n<h4>Types of Cookies Used<\/h4>\n<ol>\n<li><strong>Technical Cookies or strictly Necessary<\/strong>:<br \/>\nThese cookies are essential to the operation of the website and allow the user to navigate the site and to use its basic functions, such as access to secure areas or processing of an order.<\/li>\n<li><strong>Cookies Preferences<\/strong>:<br \/>\nRemembers the user&#039;s preferences, such as language or regional settings, to enhance the experience on future visits.<\/li>\n<li><strong>Cookies of Analysis or Performance<\/strong>:<br \/>\nThese cookies collect information on how users interact with the website, such as the pages most visited, the links you click, or the time they spend on the site. This information helps us to improve the performance and functionality of the website.<\/li>\n<li><strong>Advertising Cookies or Marketing<\/strong>:<br \/>\nWe use these cookies to display more relevant ads to users based on their interests, both on our site and on other web sites. These cookies also limit the number of times a user sees an ad and help us measure the effectiveness of our advertising campaigns.<\/li>\n<li><strong>Third party Cookies<\/strong>:<br \/>\nIn some sections of our site can be installed third-party cookies, such as Google Analytics, to data analysis and social networks (such as share buttons). These cookies are managed by third parties and not by <b>DEVINSA CONSULTING SLU<\/b><\/li>\n<\/ol>\n<h4>How can I manage Cookies?<\/h4>\n<p>When you access our website for the first time, you will see a banner of cookies that will allow you to accept or configure the use of cookies in accordance with your preferences. At any time, you can manage your cookie preferences through the settings of your browser:<\/p>\n<ul>\n<li><strong>Google Chrome<\/strong>: https:\/\/support.google.com\/chrome\/answer\/95647?hl=es<\/li>\n<li><strong>Mozilla Firefox<\/strong>: https:\/\/support.mozilla.org\/es\/kb\/habilitar-y-deshabilitar-cookies-sitios-web-rastrear-preferencias<\/li>\n<li><strong>Safari<\/strong>: https:\/\/support.apple.com\/es-es\/guide\/safari\/sfri11471\/mac<\/li>\n<li><strong>Microsoft Edge<\/strong>: https:\/\/support.microsoft.com\/es-es\/microsoft-edge\/borrar-las-cookies-en-microsoft-edge-63947406-40ac-c3b8-57b9-2a946a29ae09<\/li>\n<\/ul>\n<p>If you disable cookies, some features of our site may not work correctly or the user experience is affected.<\/p>\n<h4>Cookies used on this website<\/h4>\n<p>Below, we offer a list of the main cookies used on our site:<\/p>\n<table>\n<thead>\n<tr>\n<th><strong>Name of the cookie<\/strong><\/th>\n<th><strong>Provider<\/strong><\/th>\n<th><strong>Purpose<\/strong><\/th>\n<th><strong>Duration<\/strong><\/th>\n<\/tr>\n<\/thead>\n<tbody>\n<tr>\n<td>CookieConsent<\/td>\n<td>Own<\/td>\n<td>Stores the consent of all cookies on the user<\/td>\n<td>1 year<\/td>\n<\/tr>\n<tr>\n<td>_ga<\/td>\n<td>Google<\/td>\n<td>Used to distinguish users<\/td>\n<td>2 years<\/td>\n<\/tr>\n<tr>\n<td>_gid<\/td>\n<td>Google<\/td>\n<td>Used to distinguish users<\/td>\n<td>24 hours<\/td>\n<\/tr>\n<tr>\n<td>_gat<\/td>\n<td>Google<\/td>\n<td>It is used to limit the percentage of requests<\/td>\n<td>1 minute<\/td>\n<\/tr>\n<\/tbody>\n<\/table>\n<h4>Updates and changes to the Cookie Policy<\/h4>\n<p><b>DEVINSA CONSULTING SLU<\/b> reserves the right to change this Cookie Policy at any time. Any changes will be posted on this website. We encourage you to review this policy periodically to stay informed about how we use cookies.<\/p>\n<h4>Contact<\/h4>\n<p>Si tienes alguna pregunta sobre nuestra Pol\u00edtica de Cookies, puedes ponerte en contacto con nosotros en info@devinsaconsulting.com<\/p>","protected":false},"excerpt":{"rendered":"<p>En el sitio web de DEVINSA CONSULTING SLU utilizamos cookies para mejorar la experiencia de los usuarios, facilitar la navegaci\u00f3n y optimizar el rendimiento de nuestro sitio web. A continuaci\u00f3n, te explicamos qu\u00e9 son las cookies, qu\u00e9 tipo de cookies utilizamos y c\u00f3mo puedes gestionarlas. \u00bfQu\u00e9 son las Cookies? Las cookies son peque\u00f1os archivos de [&hellip;]<\/p>\n","protected":false},"author":1,"featured_media":0,"parent":0,"menu_order":0,"comment_status":"closed","ping_status":"closed","template":"","meta":{"site-sidebar-layout":"default","site-content-layout":"","ast-site-content-layout":"default","site-content-style":"default","site-sidebar-style":"default","ast-global-header-display":"","ast-banner-title-visibility":"","ast-main-header-display":"","ast-hfb-above-header-display":"","ast-hfb-below-header-display":"","ast-hfb-mobile-header-display":"","site-post-title":"","ast-breadcrumbs-content":"","ast-featured-img":"","footer-sml-layout":"","ast-disable-related-posts":"","theme-transparent-header-meta":"default","adv-header-id-meta":"","stick-header-meta":"","header-above-stick-meta":"","header-main-stick-meta":"","header-below-stick-meta":"","astra-migrate-meta-layouts":"set","ast-page-background-enabled":"default","ast-page-background-meta":{"desktop":{"background-color":"var(--ast-global-color-4)","background-image":"","background-repeat":"repeat","background-position":"center center","background-size":"auto","background-attachment":"scroll","background-type":"","background-media":"","overlay-type":"","overlay-color":"","overlay-opacity":"","overlay-gradient":""},"tablet":{"background-color":"","background-image":"","background-repeat":"repeat","background-position":"center center","background-size":"auto","background-attachment":"scroll","background-type":"","background-media":"","overlay-type":"","overlay-color":"","overlay-opacity":"","overlay-gradient":""},"mobile":{"background-color":"","background-image":"","background-repeat":"repeat","background-position":"center center","background-size":"auto","background-attachment":"scroll","background-type":"","background-media":"","overlay-type":"","overlay-color":"","overlay-opacity":"","overlay-gradient":""}},"ast-content-background-meta":{"desktop":{"background-color":"var(--ast-global-color-5)","background-image":"","background-repeat":"repeat","background-position":"center center","background-size":"auto","background-attachment":"scroll","background-type":"","background-media":"","overlay-type":"","overlay-color":"","overlay-opacity":"","overlay-gradient":""},"tablet":{"background-color":"var(--ast-global-color-5)","background-image":"","background-repeat":"repeat","background-position":"center center","background-size":"auto","background-attachment":"scroll","background-type":"","background-media":"","overlay-type":"","overlay-color":"","overlay-opacity":"","overlay-gradient":""},"mobile":{"background-color":"var(--ast-global-color-5)","background-image":"","background-repeat":"repeat","background-position":"center center","background-size":"auto","background-attachment":"scroll","background-type":"","background-media":"","overlay-type":"","overlay-color":"","overlay-opacity":"","overlay-gradient":""}},"footnotes":""},"class_list":["post-12","page","type-page","status-publish","hentry"],"yoast_head":"<!-- This site is optimized with the Yoast SEO plugin v27.3 - https:\/\/yoast.com\/product\/yoast-seo-wordpress\/ -->\n<title>Pol\u00edtica de Cookies - Devinsa Consulting<\/title>\n<meta name=\"robots\" content=\"index, follow, max-snippet:-1, max-image-preview:large, max-video-preview:-1\" \/>\n<link rel=\"canonical\" href=\"https:\/\/devinsaconsulting.com\/en\/politica-cookies\/\" \/>\n<meta property=\"og:locale\" content=\"en_GB\" \/>\n<meta property=\"og:type\" content=\"article\" \/>\n<meta property=\"og:title\" content=\"Pol\u00edtica de Cookies - Devinsa Consulting\" \/>\n<meta property=\"og:description\" content=\"En el sitio web de DEVINSA CONSULTING SLU utilizamos cookies para mejorar la experiencia de los usuarios, facilitar la navegaci\u00f3n y optimizar el rendimiento de nuestro sitio web. A continuaci\u00f3n, te explicamos qu\u00e9 son las cookies, qu\u00e9 tipo de cookies utilizamos y c\u00f3mo puedes gestionarlas. \u00bfQu\u00e9 son las Cookies? Las cookies son peque\u00f1os archivos de [&hellip;]\" \/>\n<meta property=\"og:url\" content=\"https:\/\/devinsaconsulting.com\/en\/politica-cookies\/\" \/>\n<meta property=\"og:site_name\" content=\"Devinsa Consulting\" \/>\n<meta property=\"article:modified_time\" content=\"2025-02-16T12:39:49+00:00\" \/>\n<meta name=\"twitter:card\" content=\"summary_large_image\" \/>\n<meta name=\"twitter:label1\" content=\"Estimated reading time\" \/>\n\t<meta name=\"twitter:data1\" content=\"3 minutes\" \/>\n<script type=\"application\/ld+json\" class=\"yoast-schema-graph\">{\"@context\":\"https:\\\/\\\/schema.org\",\"@graph\":[{\"@type\":\"WebPage\",\"@id\":\"https:\\\/\\\/devinsaconsulting.com\\\/politica-cookies\\\/\",\"url\":\"https:\\\/\\\/devinsaconsulting.com\\\/politica-cookies\\\/\",\"name\":\"Pol\u00edtica de Cookies - Devinsa Consulting\",\"isPartOf\":{\"@id\":\"https:\\\/\\\/devinsaconsulting.com\\\/#website\"},\"datePublished\":\"2024-08-29T11:28:24+00:00\",\"dateModified\":\"2025-02-16T12:39:49+00:00\",\"breadcrumb\":{\"@id\":\"https:\\\/\\\/devinsaconsulting.com\\\/politica-cookies\\\/#breadcrumb\"},\"inLanguage\":\"en-GB\",\"potentialAction\":[{\"@type\":\"ReadAction\",\"target\":[\"https:\\\/\\\/devinsaconsulting.com\\\/politica-cookies\\\/\"]}]},{\"@type\":\"BreadcrumbList\",\"@id\":\"https:\\\/\\\/devinsaconsulting.com\\\/politica-cookies\\\/#breadcrumb\",\"itemListElement\":[{\"@type\":\"ListItem\",\"position\":1,\"name\":\"Portada\",\"item\":\"https:\\\/\\\/devinsaconsulting.com\\\/\"},{\"@type\":\"ListItem\",\"position\":2,\"name\":\"Pol\u00edtica de Cookies\"}]},{\"@type\":\"WebSite\",\"@id\":\"https:\\\/\\\/devinsaconsulting.com\\\/#website\",\"url\":\"https:\\\/\\\/devinsaconsulting.com\\\/\",\"name\":\"Devinsa Consulting\",\"description\":\"Consultor&iacute;a y Servicios de IT Globales\",\"publisher\":{\"@id\":\"https:\\\/\\\/devinsaconsulting.com\\\/#organization\"},\"potentialAction\":[{\"@type\":\"SearchAction\",\"target\":{\"@type\":\"EntryPoint\",\"urlTemplate\":\"https:\\\/\\\/devinsaconsulting.com\\\/?s={search_term_string}\"},\"query-input\":{\"@type\":\"PropertyValueSpecification\",\"valueRequired\":true,\"valueName\":\"search_term_string\"}}],\"inLanguage\":\"en-GB\"},{\"@type\":\"Organization\",\"@id\":\"https:\\\/\\\/devinsaconsulting.com\\\/#organization\",\"name\":\"Devinsa Consulting\",\"url\":\"https:\\\/\\\/devinsaconsulting.com\\\/\",\"logo\":{\"@type\":\"ImageObject\",\"inLanguage\":\"en-GB\",\"@id\":\"https:\\\/\\\/devinsaconsulting.com\\\/#\\\/schema\\\/logo\\\/image\\\/\",\"url\":\"https:\\\/\\\/devinsaconsulting.com\\\/wp-content\\\/uploads\\\/2024\\\/10\\\/logo.png\",\"contentUrl\":\"https:\\\/\\\/devinsaconsulting.com\\\/wp-content\\\/uploads\\\/2024\\\/10\\\/logo.png\",\"width\":512,\"height\":188,\"caption\":\"Devinsa Consulting\"},\"image\":{\"@id\":\"https:\\\/\\\/devinsaconsulting.com\\\/#\\\/schema\\\/logo\\\/image\\\/\"}}]}<\/script>\n<!-- \/ Yoast SEO plugin. -->","yoast_head_json":{"title":"Cookie policy - Devinsa Consulting","robots":{"index":"index","follow":"follow","max-snippet":"max-snippet:-1","max-image-preview":"max-image-preview:large","max-video-preview":"max-video-preview:-1"},"canonical":"https:\/\/devinsaconsulting.com\/en\/politica-cookies\/","og_locale":"en_GB","og_type":"article","og_title":"Pol\u00edtica de Cookies - Devinsa Consulting","og_description":"En el sitio web de DEVINSA CONSULTING SLU utilizamos cookies para mejorar la experiencia de los usuarios, facilitar la navegaci\u00f3n y optimizar el rendimiento de nuestro sitio web. A continuaci\u00f3n, te explicamos qu\u00e9 son las cookies, qu\u00e9 tipo de cookies utilizamos y c\u00f3mo puedes gestionarlas. \u00bfQu\u00e9 son las Cookies? Las cookies son peque\u00f1os archivos de [&hellip;]","og_url":"https:\/\/devinsaconsulting.com\/en\/politica-cookies\/","og_site_name":"Devinsa Consulting","article_modified_time":"2025-02-16T12:39:49+00:00","twitter_card":"summary_large_image","twitter_misc":{"Estimated reading time":"3 minutes"},"schema":{"@context":"https:\/\/schema.org","@graph":[{"@type":"WebPage","@id":"https:\/\/devinsaconsulting.com\/politica-cookies\/","url":"https:\/\/devinsaconsulting.com\/politica-cookies\/","name":"Cookie policy - Devinsa Consulting","isPartOf":{"@id":"https:\/\/devinsaconsulting.com\/#website"},"datePublished":"2024-08-29T11:28:24+00:00","dateModified":"2025-02-16T12:39:49+00:00","breadcrumb":{"@id":"https:\/\/devinsaconsulting.com\/politica-cookies\/#breadcrumb"},"inLanguage":"en-GB","potentialAction":[{"@type":"ReadAction","target":["https:\/\/devinsaconsulting.com\/politica-cookies\/"]}]},{"@type":"BreadcrumbList","@id":"https:\/\/devinsaconsulting.com\/politica-cookies\/#breadcrumb","itemListElement":[{"@type":"ListItem","position":1,"name":"Portada","item":"https:\/\/devinsaconsulting.com\/"},{"@type":"ListItem","position":2,"name":"Pol\u00edtica de Cookies"}]},{"@type":"WebSite","@id":"https:\/\/devinsaconsulting.com\/#website","url":"https:\/\/devinsaconsulting.com\/","name":"Devinsa Consulting,","description":"Consulting and IT Services to Global","publisher":{"@id":"https:\/\/devinsaconsulting.com\/#organization"},"potentialAction":[{"@type":"SearchAction","target":{"@type":"EntryPoint","urlTemplate":"https:\/\/devinsaconsulting.com\/?s={search_term_string}"},"query-input":{"@type":"PropertyValueSpecification","valueRequired":true,"valueName":"search_term_string"}}],"inLanguage":"en-GB"},{"@type":"Organization","@id":"https:\/\/devinsaconsulting.com\/#organization","name":"Devinsa Consulting,","url":"https:\/\/devinsaconsulting.com\/","logo":{"@type":"ImageObject","inLanguage":"en-GB","@id":"https:\/\/devinsaconsulting.com\/#\/schema\/logo\/image\/","url":"https:\/\/devinsaconsulting.com\/wp-content\/uploads\/2024\/10\/logo.png","contentUrl":"https:\/\/devinsaconsulting.com\/wp-content\/uploads\/2024\/10\/logo.png","width":512,"height":188,"caption":"Devinsa Consulting"},"image":{"@id":"https:\/\/devinsaconsulting.com\/#\/schema\/logo\/image\/"}}]}},"_links":{"self":[{"href":"https:\/\/devinsaconsulting.com\/en\/wp-json\/wp\/v2\/pages\/12","targetHints":{"allow":["GET"]}}],"collection":[{"href":"https:\/\/devinsaconsulting.com\/en\/wp-json\/wp\/v2\/pages"}],"about":[{"href":"https:\/\/devinsaconsulting.com\/en\/wp-json\/wp\/v2\/types\/page"}],"author":[{"embeddable":true,"href":"https:\/\/devinsaconsulting.com\/en\/wp-json\/wp\/v2\/users\/1"}],"replies":[{"embeddable":true,"href":"https:\/\/devinsaconsulting.com\/en\/wp-json\/wp\/v2\/comments?post=12"}],"version-history":[{"count":5,"href":"https:\/\/devinsaconsulting.com\/en\/wp-json\/wp\/v2\/pages\/12\/revisions"}],"predecessor-version":[{"id":2347,"href":"https:\/\/devinsaconsulting.com\/en\/wp-json\/wp\/v2\/pages\/12\/revisions\/2347"}],"wp:attachment":[{"href":"https:\/\/devinsaconsulting.com\/en\/wp-json\/wp\/v2\/media?parent=12"}],"curies":[{"name":"wp","href":"https:\/\/api.w.org\/{rel}","templated":true}]}}