{"id":587,"date":"2024-09-30T14:00:45","date_gmt":"2024-09-30T14:00:45","guid":{"rendered":"https:\/\/demo3.dreamify.love\/about-us\/"},"modified":"2024-12-16T09:44:16","modified_gmt":"2024-12-16T09:44:16","slug":"porque-elegirnos","status":"publish","type":"page","link":"https:\/\/devinsaconsulting.com\/en\/porque-elegirnos\/","title":{"rendered":"Why choose us"},"content":{"rendered":"\t\t<div data-elementor-type=\"wp-page\" data-elementor-id=\"587\" class=\"elementor elementor-587\" data-elementor-post-type=\"page\">\n\t\t\t\t<div class=\"elementor-element elementor-element-5cadcd9 e-flex e-con-boxed e-con e-parent\" data-id=\"5cadcd9\" data-element_type=\"container\" data-e-type=\"container\" data-settings=\"{&quot;background_background&quot;:&quot;video&quot;,&quot;background_video_link&quot;:&quot;https:\\\/\\\/devinsaconsulting.com\\\/wp-content\\\/uploads\\\/2024\\\/12\\\/vecteezy_world-map-and-globe_46294191.mp4&quot;,&quot;background_play_on_mobile&quot;:&quot;yes&quot;}\">\n\t\t\t\t\t<div class=\"e-con-inner\">\n\t\t<div class=\"elementor-background-video-container\">\n\t\t\t\t\t\t\t<video class=\"elementor-background-video-hosted\" role=\"presentation\" autoplay muted playsinline loop><\/video>\n\t\t\t\t\t<\/div><div class=\"elementor-element elementor-element-12a4cf0 e-con-full e-flex e-con e-child\" data-id=\"12a4cf0\" data-element_type=\"container\" data-e-type=\"container\">\n\t\t\t\t<div class=\"elementor-element elementor-element-1210aab elementor-widget elementor-widget-image-box\" data-id=\"1210aab\" data-element_type=\"widget\" data-e-type=\"widget\" data-widget_type=\"image-box.default\">\n\t\t\t\t<div class=\"elementor-widget-container\">\n\t\t\t\t\t<div class=\"elementor-image-box-wrapper\"><div class=\"elementor-image-box-content\"><h1 class=\"elementor-image-box-title\">\u00bfPor qu\u00e9 elegirnos?<\/h1><p class=\"elementor-image-box-description\">Somos una empresa de consultor\u00eda e ingenier\u00eda de transformaci\u00f3n digital que ofrece soluciones de vanguardia para organizaciones globales y empresas emergentes de tecnolog\u00eda. Desde 2005, ayudamos a empresas y marcas consolidadas a reinventar sus negocios a trav\u00e9s de la digitalizaci\u00f3n.<\/p><\/div><\/div>\t\t\t\t<\/div>\n\t\t\t\t<\/div>\n\t\t\t\t<\/div>\n\t\t\t\t\t<\/div>\n\t\t\t\t<\/div>\n\t\t<div class=\"elementor-element elementor-element-dd27f1d e-flex e-con-boxed e-con e-parent\" data-id=\"dd27f1d\" data-element_type=\"container\" data-e-type=\"container\">\n\t\t\t\t\t<div class=\"e-con-inner\">\n\t\t<div class=\"elementor-element elementor-element-6d501f9 e-con-full e-flex e-con e-child\" data-id=\"6d501f9\" data-element_type=\"container\" data-e-type=\"container\">\n\t\t<div class=\"elementor-element elementor-element-b996781 e-flex e-con-boxed e-con e-child\" data-id=\"b996781\" data-element_type=\"container\" data-e-type=\"container\">\n\t\t\t\t\t<div class=\"e-con-inner\">\n\t\t<div class=\"elementor-element elementor-element-4c1d833 e-con-full e-flex e-con e-child\" data-id=\"4c1d833\" data-element_type=\"container\" data-e-type=\"container\">\n\t\t\t\t<div class=\"elementor-element elementor-element-ec28cc3 elementor-widget elementor-widget-heading\" data-id=\"ec28cc3\" data-element_type=\"widget\" data-e-type=\"widget\" data-settings=\"{&quot;motion_fx_motion_fx_scrolling&quot;:&quot;yes&quot;,&quot;motion_fx_opacity_effect&quot;:&quot;yes&quot;,&quot;motion_fx_opacity_range&quot;:{&quot;unit&quot;:&quot;%&quot;,&quot;size&quot;:&quot;&quot;,&quot;sizes&quot;:{&quot;start&quot;:0,&quot;end&quot;:33}},&quot;motion_fx_opacity_direction&quot;:&quot;out-in&quot;,&quot;motion_fx_opacity_level&quot;:{&quot;unit&quot;:&quot;px&quot;,&quot;size&quot;:10,&quot;sizes&quot;:[]},&quot;motion_fx_devices&quot;:[&quot;desktop&quot;,&quot;tablet&quot;,&quot;mobile&quot;]}\" data-widget_type=\"heading.default\">\n\t\t\t\t<div class=\"elementor-widget-container\">\n\t\t\t\t\t<h6 class=\"elementor-heading-title elementor-size-default\">Misi\u00f3n y visi\u00f3n<\/h6>\t\t\t\t<\/div>\n\t\t\t\t<\/div>\n\t\t\t\t<div class=\"elementor-element elementor-element-4e3f901 elementor-widget elementor-widget-image-box\" data-id=\"4e3f901\" data-element_type=\"widget\" data-e-type=\"widget\" data-settings=\"{&quot;motion_fx_motion_fx_scrolling&quot;:&quot;yes&quot;,&quot;motion_fx_opacity_effect&quot;:&quot;yes&quot;,&quot;motion_fx_opacity_range&quot;:{&quot;unit&quot;:&quot;%&quot;,&quot;size&quot;:&quot;&quot;,&quot;sizes&quot;:{&quot;start&quot;:0,&quot;end&quot;:36}},&quot;motion_fx_opacity_direction&quot;:&quot;out-in&quot;,&quot;motion_fx_opacity_level&quot;:{&quot;unit&quot;:&quot;px&quot;,&quot;size&quot;:10,&quot;sizes&quot;:[]},&quot;motion_fx_devices&quot;:[&quot;desktop&quot;,&quot;tablet&quot;,&quot;mobile&quot;]}\" data-widget_type=\"image-box.default\">\n\t\t\t\t<div class=\"elementor-widget-container\">\n\t\t\t\t\t<div class=\"elementor-image-box-wrapper\"><div class=\"elementor-image-box-content\"><h3 class=\"elementor-image-box-title\">Tu Socio en la Evoluci\u00f3n Digital<\/h3><p class=\"elementor-image-box-description\">Nuestra misi\u00f3n es ayudar a las empresas a acelerar la adopci\u00f3n de nuevas tecnolog\u00edas, desentra\u00f1ar los problemas complejos que siempre surgen durante la evoluci\u00f3n digital y orquestar la innovaci\u00f3n continua.<br><br>Ya sea una aplicaci\u00f3n orientada al consumidor o una soluci\u00f3n transformadora de nivel empresarial, la empresa lidera el proceso desde la ideaci\u00f3n y el concepto hasta la entrega, y proporciona soporte continuo a trav\u00e9s de su marco IS360. Ofrecemos servicios integrales de gesti\u00f3n y consultor\u00eda de IT a organizaciones en todo el mundo.<br><br>Trabajamos en asociaci\u00f3n con clientes de diversos tama\u00f1os, desde el mercado medio hasta Fortune 100, mientras les ayudamos a fortalecer su base de IT, gestionar riesgos y cumplimiento, y mejorar su posici\u00f3n competitiva.<\/p><\/div><\/div>\t\t\t\t<\/div>\n\t\t\t\t<\/div>\n\t\t\t\t<\/div>\n\t\t\t\t\t<\/div>\n\t\t\t\t<\/div>\n\t\t<div class=\"elementor-element elementor-element-795849b e-flex e-con-boxed e-con e-child\" data-id=\"795849b\" data-element_type=\"container\" data-e-type=\"container\">\n\t\t\t\t\t<div class=\"e-con-inner\">\n\t\t<div class=\"elementor-element elementor-element-0156211 e-con-full e-flex e-con e-child\" data-id=\"0156211\" data-element_type=\"container\" data-e-type=\"container\" data-settings=\"{&quot;motion_fx_motion_fx_scrolling&quot;:&quot;yes&quot;,&quot;motion_fx_opacity_effect&quot;:&quot;yes&quot;,&quot;motion_fx_opacity_range&quot;:{&quot;unit&quot;:&quot;%&quot;,&quot;size&quot;:&quot;&quot;,&quot;sizes&quot;:{&quot;start&quot;:0,&quot;end&quot;:39}},&quot;motion_fx_opacity_direction&quot;:&quot;out-in&quot;,&quot;motion_fx_opacity_level&quot;:{&quot;unit&quot;:&quot;px&quot;,&quot;size&quot;:10,&quot;sizes&quot;:[]},&quot;motion_fx_devices&quot;:[&quot;desktop&quot;,&quot;tablet&quot;,&quot;mobile&quot;]}\">\n\t\t\t\t<div class=\"elementor-element elementor-element-59e4844 elementor-widget elementor-widget-heading\" data-id=\"59e4844\" data-element_type=\"widget\" data-e-type=\"widget\" data-widget_type=\"heading.default\">\n\t\t\t\t<div class=\"elementor-widget-container\">\n\t\t\t\t\t<h6 class=\"elementor-heading-title elementor-size-default\">Equipo Devinsa<\/h6>\t\t\t\t<\/div>\n\t\t\t\t<\/div>\n\t\t\t\t<div class=\"elementor-element elementor-element-9aeffd8 elementor-widget elementor-widget-image-box\" data-id=\"9aeffd8\" data-element_type=\"widget\" data-e-type=\"widget\" data-widget_type=\"image-box.default\">\n\t\t\t\t<div class=\"elementor-widget-container\">\n\t\t\t\t\t<div class=\"elementor-image-box-wrapper\"><div class=\"elementor-image-box-content\"><h2 class=\"elementor-image-box-title\">Somos Expertos en Innovaci\u00f3n y Transformaci\u00f3n Digital<\/h2><p class=\"elementor-image-box-description\">El equipo de consultor\u00eda de TI de Devinsa ofrece un conjunto integral de habilidades, herramientas y metodolog\u00edas que permiten a nuestros clientes superar los desaf\u00edos asociados con la planificaci\u00f3n estrat\u00e9gica de TI en entornos de dos velocidades. Este enfoque garantiza que las empresas puedan avanzar hacia la innovaci\u00f3n digital mientras mantienen y optimizan su infraestructura tecnol\u00f3gica tradicional.<br><br>Devinsa se distingue por su fuerte enfoque en la vanguardia tecnol\u00f3gica, lo que nos permite ofrecer soluciones innovadoras que responden a las demandas de un mundo empresarial en constante evoluci\u00f3n. Nos comprometemos a realizar negocios de manera responsable, adapt\u00e1ndonos con rapidez y agilidad a los cambios del entorno, sin perder de vista la integraci\u00f3n y mantenimiento de sistemas tradicionales que siguen siendo esenciales para muchas organizaciones.<br><br>Nuestros consultores tecnol\u00f3gicos trabajan de manera cercana y colaborativa con los clientes en todas las dimensiones de TI, cubriendo desde la planificaci\u00f3n estrat\u00e9gica y la arquitectura tecnol\u00f3gica hasta la implementaci\u00f3n digital y la transformaci\u00f3n integral. Acompa\u00f1amos a las empresas de principio a fin, garantizando que cada soluci\u00f3n propuesta no solo sea innovadora, sino que tambi\u00e9n genere resultados tangibles y transformadores. Ya sea en la reestructuraci\u00f3n de sistemas tradicionales o en la implementaci\u00f3n de nuevas tecnolog\u00edas, nuestra misi\u00f3n es impulsar el crecimiento y la eficiencia de nuestros clientes en cada paso del camino.<\/p><\/div><\/div>\t\t\t\t<\/div>\n\t\t\t\t<\/div>\n\t\t\t\t<\/div>\n\t\t\t\t\t<\/div>\n\t\t\t\t<\/div>\n\t\t\t\t<\/div>\n\t\t\t\t\t<\/div>\n\t\t\t\t<\/div>\n\t\t<div class=\"elementor-element elementor-element-90f69fd e-flex e-con-boxed e-con e-parent\" data-id=\"90f69fd\" data-element_type=\"container\" data-e-type=\"container\" data-settings=\"{&quot;background_background&quot;:&quot;gradient&quot;}\">\n\t\t\t\t\t<div class=\"e-con-inner\">\n\t\t<div class=\"elementor-element elementor-element-f193a0d e-con-full e-flex e-con e-child\" data-id=\"f193a0d\" data-element_type=\"container\" data-e-type=\"container\" data-settings=\"{&quot;background_background&quot;:&quot;classic&quot;}\">\n\t\t\t\t<div class=\"elementor-element elementor-element-c65ef74 elementor-widget elementor-widget-heading\" data-id=\"c65ef74\" data-element_type=\"widget\" data-e-type=\"widget\" data-widget_type=\"heading.default\">\n\t\t\t\t<div class=\"elementor-widget-container\">\n\t\t\t\t\t<h6 class=\"elementor-heading-title elementor-size-default\">\u00bfListo para llevar tu negocio al siguiente nivel?<\/h6>\t\t\t\t<\/div>\n\t\t\t\t<\/div>\n\t\t\t\t<div class=\"elementor-element elementor-element-600868a elementor-widget-divider--view-line elementor-widget elementor-widget-divider\" data-id=\"600868a\" data-element_type=\"widget\" data-e-type=\"widget\" data-widget_type=\"divider.default\">\n\t\t\t\t<div class=\"elementor-widget-container\">\n\t\t\t\t\t\t\t<div class=\"elementor-divider\">\n\t\t\t<span class=\"elementor-divider-separator\">\n\t\t\t\t\t\t<\/span>\n\t\t<\/div>\n\t\t\t\t\t\t<\/div>\n\t\t\t\t<\/div>\n\t\t\t\t<div class=\"elementor-element elementor-element-07ac694 elementor-widget elementor-widget-heading\" data-id=\"07ac694\" data-element_type=\"widget\" data-e-type=\"widget\" data-widget_type=\"heading.default\">\n\t\t\t\t<div class=\"elementor-widget-container\">\n\t\t\t\t\t<h3 class=\"elementor-heading-title elementor-size-default\">Cont\u00e1ctanos para programar una llamada exploratoria y ver c\u00f3mo nuestros servicios de consultor\u00eda de IT pueden ayudar a satisfacer las necesidades de tu negocio.\n<\/h3>\t\t\t\t<\/div>\n\t\t\t\t<\/div>\n\t\t\t\t<div class=\"elementor-element elementor-element-7a871e1 elementor-widget elementor-widget-button\" data-id=\"7a871e1\" data-element_type=\"widget\" data-e-type=\"widget\" data-widget_type=\"button.default\">\n\t\t\t\t<div class=\"elementor-widget-container\">\n\t\t\t\t\t\t\t\t\t<div class=\"elementor-button-wrapper\">\n\t\t\t\t\t<a class=\"elementor-button elementor-button-link elementor-size-sm\" href=\"https:\/\/devinsaconsulting.com\/contacto\/\">\n\t\t\t\t\t\t<span class=\"elementor-button-content-wrapper\">\n\t\t\t\t\t\t\t\t\t<span class=\"elementor-button-text\">Cont\u00e1ctanos<\/span>\n\t\t\t\t\t<\/span>\n\t\t\t\t\t<\/a>\n\t\t\t\t<\/div>\n\t\t\t\t\t\t\t\t<\/div>\n\t\t\t\t<\/div>\n\t\t\t\t<\/div>\n\t\t\t\t\t<\/div>\n\t\t\t\t<\/div>\n\t\t\t\t<\/div>\n\t\t","protected":false},"excerpt":{"rendered":"<p>\u00bfPor qu\u00e9 elegirnos? Somos una empresa de consultor\u00eda e ingenier\u00eda de transformaci\u00f3n digital que ofrece soluciones de vanguardia para organizaciones globales y empresas emergentes de tecnolog\u00eda. Desde 2005, ayudamos a empresas y marcas consolidadas a reinventar sus negocios a trav\u00e9s de la digitalizaci\u00f3n. Misi\u00f3n y visi\u00f3n Tu Socio en la Evoluci\u00f3n Digital Nuestra misi\u00f3n es [&hellip;]<\/p>\n","protected":false},"author":1,"featured_media":0,"parent":0,"menu_order":0,"comment_status":"closed","ping_status":"closed","template":"","meta":{"site-sidebar-layout":"no-sidebar","site-content-layout":"page-builder","ast-site-content-layout":"full-width-container","site-content-style":"unboxed","site-sidebar-style":"unboxed","ast-global-header-display":"","ast-banner-title-visibility":"","ast-main-header-display":"","ast-hfb-above-header-display":"","ast-hfb-below-header-display":"","ast-hfb-mobile-header-display":"","site-post-title":"disabled","ast-breadcrumbs-content":"","ast-featured-img":"disabled","footer-sml-layout":"","ast-disable-related-posts":"","theme-transparent-header-meta":"enabled","adv-header-id-meta":"","stick-header-meta":"","header-above-stick-meta":"","header-main-stick-meta":"","header-below-stick-meta":"","astra-migrate-meta-layouts":"set","ast-page-background-enabled":"default","ast-page-background-meta":{"desktop":{"background-color":"var(--ast-global-color-4)","background-image":"","background-repeat":"repeat","background-position":"center center","background-size":"auto","background-attachment":"scroll","background-type":"","background-media":"","overlay-type":"","overlay-color":"","overlay-opacity":"","overlay-gradient":""},"tablet":{"background-color":"","background-image":"","background-repeat":"repeat","background-position":"center center","background-size":"auto","background-attachment":"scroll","background-type":"","background-media":"","overlay-type":"","overlay-color":"","overlay-opacity":"","overlay-gradient":""},"mobile":{"background-color":"","background-image":"","background-repeat":"repeat","background-position":"center center","background-size":"auto","background-attachment":"scroll","background-type":"","background-media":"","overlay-type":"","overlay-color":"","overlay-opacity":"","overlay-gradient":""}},"ast-content-background-meta":{"desktop":{"background-color":"var(--ast-global-color-5)","background-image":"","background-repeat":"repeat","background-position":"center center","background-size":"auto","background-attachment":"scroll","background-type":"","background-media":"","overlay-type":"","overlay-color":"","overlay-opacity":"","overlay-gradient":""},"tablet":{"background-color":"var(--ast-global-color-5)","background-image":"","background-repeat":"repeat","background-position":"center center","background-size":"auto","background-attachment":"scroll","background-type":"","background-media":"","overlay-type":"","overlay-color":"","overlay-opacity":"","overlay-gradient":""},"mobile":{"background-color":"var(--ast-global-color-5)","background-image":"","background-repeat":"repeat","background-position":"center center","background-size":"auto","background-attachment":"scroll","background-type":"","background-media":"","overlay-type":"","overlay-color":"","overlay-opacity":"","overlay-gradient":""}},"footnotes":""},"class_list":["post-587","page","type-page","status-publish","hentry"],"yoast_head":"<!-- This site is optimized with the Yoast SEO plugin v27.5 - https:\/\/yoast.com\/product\/yoast-seo-wordpress\/ -->\n<title>\u00bfPor Qu\u00e9 Elegirnos? | Devinsa Consulting<\/title>\n<meta name=\"description\" content=\"Descubre por qu\u00e9 Devinsa Consulting es tu mejor aliado en transformaci\u00f3n digital, externalizaci\u00f3n y servicios de TI. M\u00e1s de 15 a\u00f1os de experiencia ofreciendo soluciones innovadoras para tu negocio.\" \/>\n<meta name=\"robots\" content=\"index, follow, max-snippet:-1, max-image-preview:large, max-video-preview:-1\" \/>\n<link rel=\"canonical\" href=\"https:\/\/devinsaconsulting.com\/en\/porque-elegirnos\/\" \/>\n<meta property=\"og:locale\" content=\"en_GB\" \/>\n<meta property=\"og:type\" content=\"article\" \/>\n<meta property=\"og:title\" content=\"\u00bfPor Qu\u00e9 Elegirnos? | Devinsa Consulting\" \/>\n<meta property=\"og:description\" content=\"Descubre por qu\u00e9 Devinsa Consulting es tu mejor aliado en transformaci\u00f3n digital, externalizaci\u00f3n y servicios de TI. M\u00e1s de 15 a\u00f1os de experiencia ofreciendo soluciones innovadoras para tu negocio.\" \/>\n<meta property=\"og:url\" content=\"https:\/\/devinsaconsulting.com\/en\/porque-elegirnos\/\" \/>\n<meta property=\"og:site_name\" content=\"Devinsa Consulting\" \/>\n<meta property=\"article:modified_time\" content=\"2024-12-16T09:44:16+00:00\" \/>\n<meta name=\"twitter:card\" content=\"summary_large_image\" \/>\n<meta name=\"twitter:label1\" content=\"Estimated reading time\" \/>\n\t<meta name=\"twitter:data1\" content=\"2 minutes\" \/>\n<script type=\"application\/ld+json\" class=\"yoast-schema-graph\">{\"@context\":\"https:\\\/\\\/schema.org\",\"@graph\":[{\"@type\":\"WebPage\",\"@id\":\"https:\\\/\\\/devinsaconsulting.com\\\/porque-elegirnos\\\/\",\"url\":\"https:\\\/\\\/devinsaconsulting.com\\\/porque-elegirnos\\\/\",\"name\":\"\u00bfPor Qu\u00e9 Elegirnos? | Devinsa Consulting\",\"isPartOf\":{\"@id\":\"https:\\\/\\\/devinsaconsulting.com\\\/#website\"},\"datePublished\":\"2024-09-30T14:00:45+00:00\",\"dateModified\":\"2024-12-16T09:44:16+00:00\",\"description\":\"Descubre por qu\u00e9 Devinsa Consulting es tu mejor aliado en transformaci\u00f3n digital, externalizaci\u00f3n y servicios de TI. M\u00e1s de 15 a\u00f1os de experiencia ofreciendo soluciones innovadoras para tu negocio.\",\"breadcrumb\":{\"@id\":\"https:\\\/\\\/devinsaconsulting.com\\\/porque-elegirnos\\\/#breadcrumb\"},\"inLanguage\":\"en-GB\",\"potentialAction\":[{\"@type\":\"ReadAction\",\"target\":[\"https:\\\/\\\/devinsaconsulting.com\\\/porque-elegirnos\\\/\"]}]},{\"@type\":\"BreadcrumbList\",\"@id\":\"https:\\\/\\\/devinsaconsulting.com\\\/porque-elegirnos\\\/#breadcrumb\",\"itemListElement\":[{\"@type\":\"ListItem\",\"position\":1,\"name\":\"Portada\",\"item\":\"https:\\\/\\\/devinsaconsulting.com\\\/\"},{\"@type\":\"ListItem\",\"position\":2,\"name\":\"Por qu\u00e9 elegirnos\"}]},{\"@type\":\"WebSite\",\"@id\":\"https:\\\/\\\/devinsaconsulting.com\\\/#website\",\"url\":\"https:\\\/\\\/devinsaconsulting.com\\\/\",\"name\":\"Devinsa Consulting\",\"description\":\"Consultor&iacute;a y Servicios de IT Globales\",\"publisher\":{\"@id\":\"https:\\\/\\\/devinsaconsulting.com\\\/#organization\"},\"potentialAction\":[{\"@type\":\"SearchAction\",\"target\":{\"@type\":\"EntryPoint\",\"urlTemplate\":\"https:\\\/\\\/devinsaconsulting.com\\\/?s={search_term_string}\"},\"query-input\":{\"@type\":\"PropertyValueSpecification\",\"valueRequired\":true,\"valueName\":\"search_term_string\"}}],\"inLanguage\":\"en-GB\"},{\"@type\":\"Organization\",\"@id\":\"https:\\\/\\\/devinsaconsulting.com\\\/#organization\",\"name\":\"Devinsa Consulting\",\"url\":\"https:\\\/\\\/devinsaconsulting.com\\\/\",\"logo\":{\"@type\":\"ImageObject\",\"inLanguage\":\"en-GB\",\"@id\":\"https:\\\/\\\/devinsaconsulting.com\\\/#\\\/schema\\\/logo\\\/image\\\/\",\"url\":\"https:\\\/\\\/devinsaconsulting.com\\\/wp-content\\\/uploads\\\/2024\\\/10\\\/logo.png\",\"contentUrl\":\"https:\\\/\\\/devinsaconsulting.com\\\/wp-content\\\/uploads\\\/2024\\\/10\\\/logo.png\",\"width\":512,\"height\":188,\"caption\":\"Devinsa Consulting\"},\"image\":{\"@id\":\"https:\\\/\\\/devinsaconsulting.com\\\/#\\\/schema\\\/logo\\\/image\\\/\"}}]}<\/script>\n<!-- \/ Yoast SEO plugin. -->","yoast_head_json":{"title":"Why Choose Us? | Devinsa Consulting","description":"Find out why Devinsa Consulting is your best partner for digital transformation, outsourcing, and IT services. Over 15 years of experience delivering tailored and innovative solutions for your business.","robots":{"index":"index","follow":"follow","max-snippet":"max-snippet:-1","max-image-preview":"max-image-preview:large","max-video-preview":"max-video-preview:-1"},"canonical":"https:\/\/devinsaconsulting.com\/en\/porque-elegirnos\/","og_locale":"en_GB","og_type":"article","og_title":"\u00bfPor Qu\u00e9 Elegirnos? | Devinsa Consulting","og_description":"Descubre por qu\u00e9 Devinsa Consulting es tu mejor aliado en transformaci\u00f3n digital, externalizaci\u00f3n y servicios de TI. M\u00e1s de 15 a\u00f1os de experiencia ofreciendo soluciones innovadoras para tu negocio.","og_url":"https:\/\/devinsaconsulting.com\/en\/porque-elegirnos\/","og_site_name":"Devinsa Consulting","article_modified_time":"2024-12-16T09:44:16+00:00","twitter_card":"summary_large_image","twitter_misc":{"Estimated reading time":"2 minutes"},"schema":{"@context":"https:\/\/schema.org","@graph":[{"@type":"WebPage","@id":"https:\/\/devinsaconsulting.com\/porque-elegirnos\/","url":"https:\/\/devinsaconsulting.com\/porque-elegirnos\/","name":"Why Choose Us? | Devinsa Consulting","isPartOf":{"@id":"https:\/\/devinsaconsulting.com\/#website"},"datePublished":"2024-09-30T14:00:45+00:00","dateModified":"2024-12-16T09:44:16+00:00","description":"Find out why Devinsa Consulting is your best partner for digital transformation, outsourcing, and IT services. Over 15 years of experience delivering tailored and innovative solutions for your business.","breadcrumb":{"@id":"https:\/\/devinsaconsulting.com\/porque-elegirnos\/#breadcrumb"},"inLanguage":"en-GB","potentialAction":[{"@type":"ReadAction","target":["https:\/\/devinsaconsulting.com\/porque-elegirnos\/"]}]},{"@type":"BreadcrumbList","@id":"https:\/\/devinsaconsulting.com\/porque-elegirnos\/#breadcrumb","itemListElement":[{"@type":"ListItem","position":1,"name":"Portada","item":"https:\/\/devinsaconsulting.com\/"},{"@type":"ListItem","position":2,"name":"Por qu\u00e9 elegirnos"}]},{"@type":"WebSite","@id":"https:\/\/devinsaconsulting.com\/#website","url":"https:\/\/devinsaconsulting.com\/","name":"Devinsa Consulting,","description":"Consulting and IT Services to Global","publisher":{"@id":"https:\/\/devinsaconsulting.com\/#organization"},"potentialAction":[{"@type":"SearchAction","target":{"@type":"EntryPoint","urlTemplate":"https:\/\/devinsaconsulting.com\/?s={search_term_string}"},"query-input":{"@type":"PropertyValueSpecification","valueRequired":true,"valueName":"search_term_string"}}],"inLanguage":"en-GB"},{"@type":"Organization","@id":"https:\/\/devinsaconsulting.com\/#organization","name":"Devinsa Consulting,","url":"https:\/\/devinsaconsulting.com\/","logo":{"@type":"ImageObject","inLanguage":"en-GB","@id":"https:\/\/devinsaconsulting.com\/#\/schema\/logo\/image\/","url":"https:\/\/devinsaconsulting.com\/wp-content\/uploads\/2024\/10\/logo.png","contentUrl":"https:\/\/devinsaconsulting.com\/wp-content\/uploads\/2024\/10\/logo.png","width":512,"height":188,"caption":"Devinsa Consulting"},"image":{"@id":"https:\/\/devinsaconsulting.com\/#\/schema\/logo\/image\/"}}]}},"_links":{"self":[{"href":"https:\/\/devinsaconsulting.com\/en\/wp-json\/wp\/v2\/pages\/587","targetHints":{"allow":["GET"]}}],"collection":[{"href":"https:\/\/devinsaconsulting.com\/en\/wp-json\/wp\/v2\/pages"}],"about":[{"href":"https:\/\/devinsaconsulting.com\/en\/wp-json\/wp\/v2\/types\/page"}],"author":[{"embeddable":true,"href":"https:\/\/devinsaconsulting.com\/en\/wp-json\/wp\/v2\/users\/1"}],"replies":[{"embeddable":true,"href":"https:\/\/devinsaconsulting.com\/en\/wp-json\/wp\/v2\/comments?post=587"}],"version-history":[{"count":77,"href":"https:\/\/devinsaconsulting.com\/en\/wp-json\/wp\/v2\/pages\/587\/revisions"}],"predecessor-version":[{"id":2320,"href":"https:\/\/devinsaconsulting.com\/en\/wp-json\/wp\/v2\/pages\/587\/revisions\/2320"}],"wp:attachment":[{"href":"https:\/\/devinsaconsulting.com\/en\/wp-json\/wp\/v2\/media?parent=587"}],"curies":[{"name":"wp","href":"https:\/\/api.w.org\/{rel}","templated":true}]}}